{"id":1534,"date":"2024-04-10T12:55:14","date_gmt":"2024-04-10T10:55:14","guid":{"rendered":"https:\/\/msystems.es\/datenschutzbestimmungen\/"},"modified":"2024-04-10T12:55:14","modified_gmt":"2024-04-10T10:55:14","slug":"datenschutzbestimmungen","status":"publish","type":"page","link":"https:\/\/msystems.es\/de\/datenschutzbestimmungen\/","title":{"rendered":"Datenschutzbestimmungen"},"content":{"rendered":"<p><strong>Datenschutzbestimmungen<\/strong><br \/>\nGem\u00e4\u00df den Bestimmungen der geltenden Gesetzgebung zum Schutz nat\u00fcrlicher Personen in Bezug auf die Verarbeitung personenbezogener Daten und den freien Verkehr dieser Daten informieren wir Sie hiermit \u00fcber die Verarbeitung Ihrer Daten durch uns:<\/p>\n<p><strong>WER IST DER F\u00dcR DIE DATENVERARBEITUNG VERANTWORTLICHE?<\/strong><\/p>\n<p>Unternehmen: <strong>Msystems Sistemas Eficientes, S.L.<\/strong><\/p>\n<p>Handelsname: <strong>MSYSTEMS<\/strong><\/p>\n<p>C.I.F.: <strong>B44722585 <\/strong> <\/p>\n<p>Adresse: <strong>Avenida de La Marina, 72, 03720 Benissa, Alicante<\/strong><\/p>\n<p>E-Mail: <strong>info@msystems.es<\/strong><\/p>\n<p>ZU WELCHEM ZWECK VERARBEITEN WIR IHRE PERS\u00d6NLICHEN DATEN?<br \/>\nIHRE PERS\u00d6NLICHEN DATEN WERDEN NUR F\u00dcR DIE FOLGENDEN ZWECKE VERWENDET:<\/p>\n<p>a) \u00dcbermittlung der angeforderten Informationen \u00fcber das Kontaktformular auf unserer Website oder jede andere Form der Kontaktaufnahme mit unserem Unternehmen.<\/p>\n<p>b) Um unsere Kunden mit Informationen \u00fcber unsere Immobilienprodukte und -dienstleistungen zu versorgen.<\/p>\n<p>c) Zur Durchf\u00fchrung der administrativen, steuerlichen und buchhalterischen Verwaltung unserer Kunden und\/oder Lieferanten von Immobilientransaktionen und der Mietverwaltung.<\/p>\n<p>d) Zur Durchf\u00fchrung des Marketing-Managements und zum Versand kommerzieller Mitteilungen \u00fcber unsere Immobilienprodukte und -dienstleistungen.<\/p>\n<p>WELCHE LEGITIMATION GIBT ES F\u00dcR DIE VERARBEITUNG IHRER PERS\u00d6NLICHEN DATEN?<\/p>\n<p>Im Folgenden finden Sie einen Hinweis auf die Legitimit\u00e4t aufgrund des Zwecks der Datenverarbeitung<\/p>\n<p>ZWECK<\/p>\n<p>LEGITIMIT\u00c4T<\/p>\n<p>a) \u00dcbermittlung der von Ihnen angeforderten Informationen<\/p>\n<p>Auf der Grundlage der vorvertraglichen Beziehung<\/p>\n<p>b) Bereitstellung von Informationen f\u00fcr Kunden \u00fcber unsere Immobilienprodukte und -dienstleistungen<\/p>\n<p>Auf der Grundlage eines berechtigten Interesses<\/p>\n<p>c) Administrative, steuerliche und buchhalterische Verwaltung von Immobilientransaktionen, Mietverwaltung und Verwaltung von Wohnungseigent\u00fcmergemeinschaften.<\/p>\n<p>Auf der Grundlage der Ausf\u00fchrung eines Vertrags<\/p>\n<p>d) Marketingmanagement und Versand von kommerziellen Mitteilungen \u00fcber unsere Immobilienprodukte und -dienstleistungen.<\/p>\n<p>Auf der Grundlage Ihrer Zustimmung<\/p>\n<p>WIE LANGE WERDE ICH IHRE PERS\u00d6NLICHEN DATEN AUFBEWAHREN?<\/p>\n<p>Die pers\u00f6nlichen Daten, die Sie uns zur Verf\u00fcgung stellen, werden f\u00fcr die Dauer unserer vertraglichen oder gesch\u00e4ftlichen Beziehung gespeichert. Ihre Daten werden jedoch ab dem Zeitpunkt der Beendigung unserer vertraglichen oder gesch\u00e4ftlichen Beziehung aufbewahrt:<\/p>\n<p>F\u00fcr die Dauer der angeforderten Beziehung oder solange Sie Ihre Zustimmung widerrufen. In diesem Fall werden wir Ihre personenbezogenen Daten f\u00fcr maximal 3 Jahre ordnungsgem\u00e4\u00df gesperrt halten, um eventuelle Verbindlichkeiten, die sich aus der Verarbeitung Ihrer personenbezogenen Daten ergeben, zu behandeln.<\/p>\n<p>Wenn Sie ein Kunde oder Lieferant von uns sind, werden Ihre Daten aufbewahrt:<\/p>\n<p>Vier Jahre f\u00fcr Steuerzwecke: Die Gesch\u00e4ftsb\u00fccher und andere obligatorische Aufzeichnungen gem\u00e4\u00df den geltenden Steuervorschriften (IRPF, Mehrwertsteuer, IS usw.). Artikel 66 bis 70 des Allgemeinen Steuergesetzes.<\/p>\n<p>Sechs Jahre f\u00fcr Handelszwecke: B\u00fccher, Korrespondenz, Dokumentation und Belege (ausgestellte und erhaltene Rechnungen, Quittungen, Korrekturrechnungen, Bankunterlagen usw.). Art. 30 Handelsgesetzbuch.<\/p>\n<p>F\u00fcnf Jahre in \u00dcbereinstimmung mit dem horizontalen Eigentumsgesetz 49\/1960<\/p>\n<p>GIBT ES EINE VERPFLICHTUNG, SOLCHE PERS\u00d6NLICHEN DATEN BEREITZUSTELLEN?<\/p>\n<p>Bei der angeforderten Kontaktaufnahme ist es erforderlich, dass Sie uns einige Kontaktdaten zur Verf\u00fcgung stellen, damit wir Sie kontaktieren k\u00f6nnen, um Ihnen den gew\u00fcnschten Service zu bieten.<\/p>\n<p>WAS SIND DIE KONSEQUENZEN, WENN SIE DIES NICHT TUN?<\/p>\n<p>Da wir sie als notwendig erachten, um den von Ihnen angeforderten Service zu erbringen, wird das Kontaktformular, wenn Sie es nicht ausf\u00fcllen, nicht abgeschickt und Ihre Anfrage kann nicht bearbeitet werden.<\/p>\n<p>WIE BIN ICH AN IHRE PERS\u00d6NLICHEN DATEN GEKOMMEN?<\/p>\n<p>Die erhaltenen Daten werden nicht von Ihnen direkt oder \u00fcber die Portale zur Verf\u00fcgung gestellt, auf denen wir unsere Immobilienprodukte und -dienstleistungen bewerben.<\/p>\n<p>AN WELCHE EMPF\u00c4NGER WERDEN IHRE PERS\u00d6NLICHEN DATEN WEITERGEGEBEN?<\/p>\n<p>Eine Weitergabe von Daten ist nicht vorgesehen, es sei denn, Sie sind gesetzlich dazu verpflichtet.<\/p>\n<p>WELCHE RECHTE HABEN SIE, WENN SIE MIR IHRE PERS\u00d6NLICHEN DATEN ZUR VERF\u00dcGUNG STELLEN?<\/p>\n<p>Jede betroffene Person kann die Aus\u00fcbung der folgenden Rechte beantragen:<\/p>\n<p>Recht auf Auskunft: Die betroffene Person hat das Recht, eine Best\u00e4tigung dar\u00fcber zu erhalten, ob sie betreffende personenbezogene Daten verarbeitet werden oder nicht.<\/p>\n<p>Recht auf Berichtigung: Die betroffene Person hat das Recht, die Berichtigung sie betreffender unrichtiger oder unvollst\u00e4ndiger personenbezogener Daten zu verlangen.<\/p>\n<p>Recht auf L\u00f6schung: Die betroffene Person hat das Recht, die L\u00f6schung der sie betreffenden personenbezogenen Daten zu erwirken, wenn die personenbezogenen Daten f\u00fcr die Zwecke, f\u00fcr die sie erhoben oder anderweitig verarbeitet wurden, nicht mehr erforderlich sind.<\/p>\n<p>Recht auf Einschr\u00e4nkung: Sie k\u00f6nnen die Einschr\u00e4nkung der Verarbeitung Ihrer personenbezogenen Daten verlangen. In diesem Fall werden wir sie nur zur Geltendmachung oder Abwehr von Anspr\u00fcchen aufbewahren.<\/p>\n<p>Recht auf Daten\u00fcbertragbarkeit: Sie k\u00f6nnen von uns verlangen, dass wir Ihre automatisierten personenbezogenen Daten in einem strukturierten, verst\u00e4ndlichen und automatisierten Format an ein anderes Unternehmen \u00fcbertragen, das Sie uns nennen.<\/p>\n<p>Recht auf Widerruf der Einwilligung: Sie haben das Recht, Ihre Einwilligung jederzeit zu widerrufen, ohne dass die Rechtm\u00e4\u00dfigkeit der auf der Einwilligung beruhenden Verarbeitung vor deren Widerruf ber\u00fchrt wird.<\/p>\n<p>Recht auf Widerspruch: Die betroffene Person hat das Recht, gegen die Verarbeitung ihrer Daten Widerspruch einzulegen.<\/p>\n<p>WIE K\u00d6NNEN SIE DIESE RECHTE WAHRNEHMEN?<\/p>\n<p>Wir stellen Ihnen auf Anfrage die Formulare zur Verf\u00fcgung, mit denen Sie diese Rechte aus\u00fcben k\u00f6nnen. Sie k\u00f6nnen uns eine E-Mail an info@msystems.es schicken, in der Sie das Recht angeben, das Sie aus\u00fcben m\u00f6chten, und wir werden Ihnen das entsprechende Formular zusenden.<\/p>\n<p>Die Aus\u00fcbung dieser Rechte muss durch eine Mitteilung an die E-Mail-Adresse info@msystems.es oder an die Postanschrift C\/ CONDE DE ALTEA 29 CALPE 03710 ALICANTE erfolgen.<\/p>\n<p>WER KANN DIE RECHTE AUS\u00dcBEN?<\/p>\n<p>Die Rechte der betroffenen Personen sind sehr pers\u00f6nlich, daher werden sie vom Eigent\u00fcmer der Daten ausge\u00fcbt, der sich ordnungsgem\u00e4\u00df ausweisen muss (zu diesem Zweck wird er gebeten, seine DNI oder ein gleichwertiges Dokument vorzulegen).<\/p>\n<p>Sie kann auch durch einen Rechtsvertreter ausge\u00fcbt werden. In diesem Fall m\u00fcssen neben dem Personalausweis des Betroffenen oder einem gleichwertigen Dokument auch der Personalausweis und ein beglaubigtes Dokument, das die Vertretung durch den Dritten best\u00e4tigt, vorgelegt werden.<\/p>\n<p>WELCHE VERPFLICHTUNG HABEN WIR, WENN SIE EINES DER RECHTE AUS\u00dcBEN?<\/p>\n<p>Der f\u00fcr die Verarbeitung Verantwortliche muss das an ihn gerichtete Ersuchen in jedem Fall beantworten, unabh\u00e4ngig davon, ob personenbezogene Daten der betroffenen Person oder des Betroffenen in seine Verarbeitungen einbezogen sind oder nicht.<\/p>\n<p>Entspricht die Anfrage nicht den festgelegten Anforderungen, fordert der f\u00fcr die Datenverarbeitung Verantwortliche die Berichtigung der Anfrage.<\/p>\n<p>Der f\u00fcr die Verarbeitung Verantwortliche antwortet auf Anfragen innerhalb eines Monats nach Eingang der Anfrage. Diese Frist kann bei Bedarf um weitere zwei Monate verl\u00e4ngert werden, wobei die Komplexit\u00e4t und Anzahl der Antr\u00e4ge ber\u00fccksichtigt wird. Der f\u00fcr die Verarbeitung Verantwortliche unterrichtet die betroffene Person innerhalb eines Monats nach Eingang des Antrags \u00fcber eine solche Verl\u00e4ngerung und gibt die Gr\u00fcnde f\u00fcr die Verz\u00f6gerung an.<\/p>\n<p>RECHT AUF BESCHWERDE BEI DER AUFSICHTSBEH\u00d6RDE<\/p>\n<p>Sie k\u00f6nnen sich an die spanische Datenschutzbeh\u00f6rde wenden, um die Rechte zu wahren, die nicht ordnungsgem\u00e4\u00df ber\u00fccksichtigt wurden. Entweder \u00fcber die elektronische Zentrale der Website (www.agpd.es) oder schriftlich an die Postanschrift (C\/ Jorge Juan, 6, 28001-Madrid).<\/p>\n<p>OBLIGATORISCHER ODER FAKULTATIVER CHARAKTER DER VOM BENUTZER BEREITGESTELLTEN INFORMATIONEN<\/p>\n<p>Durch das Ankreuzen der entsprechenden K\u00e4stchen und die Eingabe von Daten in die Felder der Kontaktformulare oder durch das Senden einer E-Mail, in der Informationen angefordert werden, akzeptieren die Benutzer ausdr\u00fccklich und frei und unmissverst\u00e4ndlich, dass ihre Daten f\u00fcr den Anbieter erforderlich sind, um ihre Anfrage zu bearbeiten. Der Nutzer garantiert, dass die von ihm angegebenen pers\u00f6nlichen Daten der Wahrheit entsprechen, und ist daf\u00fcr verantwortlich, etwaige \u00c4nderungen daran mitzuteilen.<\/p>\n<p>WELCHE INFORMATIONEN SAMMELN WIR?<\/p>\n<p>Im Allgemeinen k\u00f6nnen Sie die Website nutzen, ohne pers\u00f6nliche Daten anzugeben.<\/p>\n<p>Auf unserer Website gibt es Kan\u00e4le, \u00fcber die Sie uns kontaktieren k\u00f6nnen. Wenn Sie bei uns Informationen anfordern, garantiert der Nutzer die Authentizit\u00e4t, Genauigkeit und Wahrhaftigkeit aller bereitgestellten Informationen und verpflichtet sich, die bereitgestellten pers\u00f6nlichen Daten auf dem neuesten Stand zu halten, damit sie jederzeit seiner tats\u00e4chlichen Situation entsprechen. Der Nutzer tr\u00e4gt die alleinige Verantwortung f\u00fcr falsche oder ungenaue Angaben und f\u00fcr alle Sch\u00e4den, die durch solche Angaben entstehen k\u00f6nnen.<\/p>\n<p>WELCHE MASSNAHMEN ERGREIFEN WIR, UM IHRE DATEN ZU SCH\u00dcTZEN?<\/p>\n<p>Wir ergreifen angemessene technische und physische Ma\u00dfnahmen zum Schutz der Informationen, die wir \u00fcber die Website sammeln.<\/p>\n<p>DATENSCHUTZ IN SOZIALEN NETZWERKEN<br \/>\nZU WELCHEM ZWECK WERDEN WIR IHRE PERS\u00d6NLICHEN DATEN VERARBEITEN?<\/p>\n<p>Wir nutzen das Facebook-Konto, um \u00fcber unsere Aktivit\u00e4ten zu berichten und mit unseren Anh\u00e4ngern zu interagieren. Indem Sie unser Follower werden, erkl\u00e4ren Sie sich mit der Verarbeitung der in Ihrem Profil verf\u00fcgbaren personenbezogenen Daten einverstanden, und zwar ausschlie\u00dflich zu diesem Zweck und nur in der Facebook-Umgebung in \u00dcbereinstimmung mit deren Nutzungs- und Datenschutzrichtlinien. Ihre pers\u00f6nlichen Daten werden f\u00fcr die Verwaltung der Liste der Personen verwendet, denen unsere Facebook-Seite gef\u00e4llt. Und so in der Lage sein, Informationen zu erhalten, die direkt mit den von uns angebotenen Dienstleistungen, Veranstaltungen, Aktivit\u00e4ten und Werbeaktionen unserer Organisation zusammenh\u00e4ngen, immer \u00fcber das gew\u00e4hlte soziale Netzwerk und mit uns zu interagieren.<\/p>\n<p>WELCHE LEGITIMATION GIBT ES F\u00dcR DIE VERARBEITUNG IHRER PERS\u00d6NLICHEN DATEN?<\/p>\n<p>Die Kommunikation \u00fcber soziale Netzwerke unterliegt in jedem Fall der Zustimmung der betroffenen Partei und ist vollkommen freiwillig, wobei diese Beziehung den Bedingungen unterliegt, die in den Datenschutzrichtlinien der einzelnen sozialen Netzwerke festgelegt sind.<\/p>\n<p>WIE LANGE WERDEN WIR IHRE PERS\u00d6NLICHEN DATEN AUFBEWAHREN?<\/p>\n<p>Die in dem jeweiligen sozialen Netzwerk angegebenen Daten bleiben f\u00fcr uns zug\u00e4nglich, solange Sie die Schaltfl\u00e4che &#8222;Folgen&#8220; oder &#8222;Gef\u00e4llt mir&#8220; aktiviert lassen. Sobald Sie uns nicht mehr folgen m\u00f6chten, brauchen Sie nur auf die Schaltfl\u00e4che &#8222;Nicht folgen&#8220; oder &#8222;Nicht m\u00f6gen&#8220; zu klicken.<\/p>\n<p>GIBT ES EINE VERPFLICHTUNG, SOLCHE PERS\u00d6NLICHEN DATEN BEREITZUSTELLEN?<\/p>\n<p>Es besteht keine Verpflichtung, Daten anzugeben, die \u00fcber die f\u00fcr die Registrierung bei den einzelnen sozialen Netzwerken erforderlichen Daten hinausgehen.<\/p>\n<p>WAS SIND DIE KONSEQUENZEN, WENN SIE DIES NICHT TUN?<\/p>\n<p>Unm\u00f6glichkeit der Kommunikation und \u00dcberwachung \u00fcber soziale Netzwerke.<\/p>\n<p>Sie k\u00f6nnen Ihre Rechte auf Auskunft, Berichtigung, L\u00f6schung, Einschr\u00e4nkung, \u00dcbertragbarkeit Ihrer Daten, Widerruf der Einwilligung und Widerspruch unter info@msystems.es aus\u00fcben. Ich werde Ihre Anfragen innerhalb des Rahmens und der Grenzen der von Facebook aufgestellten Betriebsregeln beantworten.<\/p>\n<p>Im Abschnitt WAS SIND IHRE RECHTE, WENN SIE MIR IHRE PERS\u00d6NLICHEN DATEN \u00dcBERLIEFERN? Dieses Dokument erkl\u00e4rt, wie Sie diese Rechte aus\u00fcben k\u00f6nnen.<\/p>\n<p>\u00c4NDERUNGEN AN DIESER DATENSCHUTZINFORMATION.<\/p>\n<p>www.msystems.es beh\u00e4lt sich das Recht vor, seine Datenschutzpolitik in \u00dcbereinstimmung mit der jeweils geltenden Gesetzgebung zu \u00e4ndern. Alle \u00c4nderungen an dieser Richtlinie werden auf der Website ver\u00f6ffentlicht.<\/p>\n","protected":false},"excerpt":{"rendered":"<p>Datenschutzbestimmungen Gem\u00e4\u00df den Bestimmungen der geltenden Gesetzgebung zum Schutz nat\u00fcrlicher Personen in Bezug auf die Verarbeitung personenbezogener Daten und den freien Verkehr dieser Daten informieren wir Sie hiermit \u00fcber die Verarbeitung Ihrer Daten durch uns: WER IST DER F\u00dcR DIE DATENVERARBEITUNG VERANTWORTLICHE? Unternehmen: Msystems Sistemas Eficientes, S.L. Handelsname: MSYSTEMS C.I.F.: B44722585 Adresse: Avenida de La [&hellip;]<\/p>\n","protected":false},"author":1,"featured_media":0,"parent":0,"menu_order":102,"comment_status":"closed","ping_status":"closed","template":"","meta":{"_acf_changed":false,"footnotes":""},"class_list":["post-1534","page","type-page","status-publish","hentry"],"acf":[],"_links":{"self":[{"href":"https:\/\/msystems.es\/de\/wp-json\/wp\/v2\/pages\/1534","targetHints":{"allow":["GET"]}}],"collection":[{"href":"https:\/\/msystems.es\/de\/wp-json\/wp\/v2\/pages"}],"about":[{"href":"https:\/\/msystems.es\/de\/wp-json\/wp\/v2\/types\/page"}],"author":[{"embeddable":true,"href":"https:\/\/msystems.es\/de\/wp-json\/wp\/v2\/users\/1"}],"replies":[{"embeddable":true,"href":"https:\/\/msystems.es\/de\/wp-json\/wp\/v2\/comments?post=1534"}],"version-history":[{"count":0,"href":"https:\/\/msystems.es\/de\/wp-json\/wp\/v2\/pages\/1534\/revisions"}],"wp:attachment":[{"href":"https:\/\/msystems.es\/de\/wp-json\/wp\/v2\/media?parent=1534"}],"curies":[{"name":"wp","href":"https:\/\/api.w.org\/{rel}","templated":true}]}}