{"id":1535,"date":"2024-04-10T12:46:00","date_gmt":"2024-04-10T10:46:00","guid":{"rendered":"https:\/\/msystems.es\/rechtlicher-hinweis\/"},"modified":"2024-04-10T12:46:00","modified_gmt":"2024-04-10T10:46:00","slug":"rechtlicher-hinweis","status":"publish","type":"page","link":"https:\/\/msystems.es\/de\/rechtlicher-hinweis\/","title":{"rendered":"Rechtlicher Hinweis"},"content":{"rendered":"<p><strong>IDENTIFIZIERUNG<\/strong><\/p>\n<p>In \u00dcbereinstimmung mit dem Gesetz 34\/2002 vom 11. Juli \u00fcber die Dienste der Informationsgesellschaft und den elektronischen Handel informieren wir Sie, dass diese Website Eigentum von:<\/p>\n<p>Unternehmen: <strong>Msystems Sistemas Eficientes, S.L.<\/strong><\/p>\n<p>Handelsname: <strong>MSYSTEMS<\/strong><\/p>\n<p>C.I.F.: <strong>B44722585 <\/strong> <\/p>\n<p>Adresse: <strong>Avenida de La Marina, 72, 03720 Benissa, Alicante<\/strong><\/p>\n<p>E-Mail: <strong>info@msystems.es<\/strong><\/p>\n<p><strong>ALLGEMEINE BEDINGUNGEN F\u00dcR DIE NUTZUNG.<\/strong><\/p>\n<p>www.msystems.es informiert Sie dar\u00fcber, dass der Zugang zu und die Nutzung dieser Website sowie die Dienste und\/oder Inhalte, die \u00fcber sie bezogen werden k\u00f6nnen, den Bedingungen unterliegen, die in diesem rechtlichen Hinweis aufgef\u00fchrt sind.<\/p>\n<p>Wenn Sie mit den nachstehenden Erw\u00e4gungen nicht einverstanden sind, bitten wir Sie, diese Website nicht zu nutzen, da jede Nutzung derselben oder der darin enthaltenen Inhalte und\/oder Dienstleistungen Ihr Einverst\u00e4ndnis mit den in diesem Text dargelegten rechtlichen Bedingungen voraussetzt.<\/p>\n<p>Mit dem Besuch der Website www.msystems.es erkl\u00e4ren Sie sich als Nutzer derselben einverstanden und akzeptieren vorbehaltlos jede einzelne der in den vorliegenden rechtlichen Hinweisen enthaltenen Bestimmungen, die \u00c4nderungen unterliegen k\u00f6nnen.<\/p>\n<p>Der Nutzer verpflichtet sich, die Website in \u00dcbereinstimmung mit den Gesetzen, Treu und Glauben, der \u00f6ffentlichen Ordnung, dem Verkehr und diesem rechtlichen Hinweis zu nutzen. Der Nutzer haftet gegen\u00fcber www.msystems.es oder gegen\u00fcber Dritten f\u00fcr alle Sch\u00e4den, die infolge der Nichterf\u00fcllung der vorgenannten Verpflichtung entstehen k\u00f6nnen.<\/p>\n<p>www.msystems.es, beh\u00e4lt sich das Recht vor, ohne vorherige Ank\u00fcndigung \u00c4nderungen an der Website vorzunehmen, um den Inhalt zu aktualisieren, zu korrigieren, zu modifizieren, zu erg\u00e4nzen oder zu l\u00f6schen. Daher k\u00f6nnen sich die in diesem Abschnitt dargelegten Bedingungen jederzeit \u00e4ndern. Wir laden Sie daher ein, diese Bedingungen zu \u00fcberpr\u00fcfen, wenn Sie diese Website erneut besuchen. Diese \u00c4nderung gilt ab dem Zeitpunkt, zu dem sie den Nutzern zur Verf\u00fcgung gestellt wird.<\/p>\n<p>www.msystems.es haftet nicht f\u00fcr Sch\u00e4den, die durch den Nutzer aufgrund einer fehlerhaften oder unsachgem\u00e4\u00dfen Nutzung im Verh\u00e4ltnis zu Dritten verursacht werden. Dar\u00fcber hinaus haftet www.msystems.es unter keinen Umst\u00e4nden f\u00fcr Sch\u00e4den jeglicher Art, die beispielsweise durch die \u00dcbertragung eines Virus oder einer Schadsoftware verursacht werden, obwohl alle erforderlichen technischen Ma\u00dfnahmen zu deren Verhinderung getroffen wurden.<\/p>\n<p>Der Benutzer verpflichtet sich, die Website www.msystems.es nicht in einer Weise zu nutzen, die gegen die geltende Gesetzgebung verst\u00f6\u00dft.<\/p>\n<p>Wenn der Nutzer beschlie\u00dft, diesen rechtlichen Hinweis nicht zu akzeptieren, muss er davon absehen, auf die von www.msystems.es \u00fcber seine Website angebotenen Inhalte und\/oder Dienste zuzugreifen und\/oder sie zu nutzen.<\/p>\n<p><strong>ZUGANG UND NUTZUNG<\/strong><\/p>\n<p>Der Zugang zu unserer Website ist kostenlos, mit Ausnahme der Kosten f\u00fcr den Anschluss an das Telekommunikationsnetz, die von dem von jedem Nutzer beauftragten Betreiber \u00fcbernommen werden.<\/p>\n<p>Der einfache Zugriff auf die Website impliziert keine Art von Gesch\u00e4ftsbeziehung zwischen www.msystems.es und dem Nutzer der Website.<\/p>\n<p>Der Nutzer garantiert die Echtheit und Aktualit\u00e4t aller angegebenen Daten und ist allein verantwortlich f\u00fcr falsche oder ungenaue Angaben.<\/p>\n<p>Der Nutzer verpflichtet sich ausdr\u00fccklich, die Inhalte und Dienste von www.msystems.es angemessen zu nutzen und sie unter anderem nicht zu verwenden:<\/p>\n<p>a) Inhalte zu verbreiten, die kriminell, gewaltt\u00e4tig, pornografisch, rassistisch, fremdenfeindlich, beleidigend, terroristisch oder allgemein gegen das Gesetz oder die \u00f6ffentliche Ordnung sind.<\/p>\n<p>b) Computerviren in das Netzwerk einzuschleusen oder Handlungen vorzunehmen, die geeignet sind, elektronische Dokumente, Daten oder physische und logische Systeme von www.msystems.es oder Dritten zu ver\u00e4ndern, zu verderben, zu unterbrechen oder Fehler oder Sch\u00e4den zu verursachen; sowie den Zugang anderer Benutzer zur Website und ihren Diensten durch den massiven Verbrauch von Computerressourcen zu behindern, \u00fcber die www.msystems.es seine Dienste anbietet.<\/p>\n<p>c) geistige oder gewerbliche Eigentumsrechte zu verletzen sowie die Vertraulichkeit der Informationen von www.msystems.es oder Dritten zu verletzen.<\/p>\n<p>d) die Inhalte zu reproduzieren, zu kopieren, zu verbreiten, zur Verf\u00fcgung zu stellen oder auf andere Weise \u00f6ffentlich zu kommunizieren, zu transformieren oder zu modifizieren, es sei denn, der Inhaber der entsprechenden Rechte hat dies genehmigt oder es ist gesetzlich erlaubt.<\/p>\n<p>e) Daten f\u00fcr Werbezwecke zu sammeln und Werbung jeglicher Art und Mitteilungen f\u00fcr den Verkauf oder andere kommerzielle Zwecke ohne vorherige Anfrage oder Zustimmung zu versenden.<\/p>\n<p><strong>GEISTIGES EIGENTUM<\/strong><\/p>\n<p>www.msystems.es ist selbst oder als Abtretungsempf\u00e4nger Eigent\u00fcmer aller geistigen und gewerblichen Eigentumsrechte seiner Website sowie der darin enthaltenen Elemente (einschlie\u00dflich, aber nicht beschr\u00e4nkt auf Bilder, Texte, Marken oder Logos, Farbkombinationen, Struktur und Design), die ihm oder seinen Lizenzgebern geh\u00f6ren. Alle Rechte vorbehalten.<\/p>\n<p>Die Vervielf\u00e4ltigung, Umwandlung, Verbreitung und \u00f6ffentliche Wiedergabe, einschlie\u00dflich der Zurverf\u00fcgungstellung, des gesamten oder eines Teils des Inhalts dieser Website zu kommerziellen Zwecken in jedem Medium und mit jedem technischen Mittel ohne vorherige schriftliche Genehmigung von www.msystems.es ist ausdr\u00fccklich verboten. Die Nichteinhaltung der oben genannten Bestimmungen berechtigt www.msystems.es zu entsprechenden rechtlichen Schritten.<\/p>\n<p>Der Benutzer verpflichtet sich, die geistigen und gewerblichen Eigentumsrechte von www.msystems.es, als Eigent\u00fcmer oder Rechtsnachfolger, zu respektieren. Sie d\u00fcrfen die Elemente der Website ansehen und sogar ausdrucken, kopieren und auf der Festplatte Ihres Computers oder einem anderen physischen Medium speichern, vorausgesetzt, dies geschieht einzig und allein f\u00fcr Ihren pers\u00f6nlichen und privaten Gebrauch. Die Verbreitung, Ver\u00e4nderung, \u00dcbertragung oder \u00f6ffentliche Wiedergabe der Inhalte sowie jede andere Handlung, die nicht ausdr\u00fccklich vom Inhaber der Verwertungsrechte genehmigt wurde, ist verboten.<\/p>\n<p><strong>HYPER LINKS<\/strong><\/p>\n<p>Die Einrichtung eines Hyperlinks impliziert in keinem Fall das Bestehen einer Beziehung zwischen www.msystems.es und dem Eigent\u00fcmer der Website, auf der er eingerichtet ist, noch die Akzeptanz und Zustimmung von www.msystems.es zu deren Inhalten oder Dienstleistungen. Personen, die beabsichtigen, einen Hyperlink einzurichten, m\u00fcssen zuvor eine schriftliche Genehmigung von www.msystems.es einholen.<\/p>\n<p><strong>GARANTIEN UND HAFTUNG<\/strong><\/p>\n<p>www.msystems.es schlie\u00dft, soweit gesetzlich zul\u00e4ssig, jegliche Haftung f\u00fcr Sch\u00e4den jeglicher Art aus, die sich aus:<\/p>\n<p>a) Die Unm\u00f6glichkeit des Zugriffs auf die Website oder die mangelnde Wahrhaftigkeit, Genauigkeit, Vollst\u00e4ndigkeit und\/oder Aktualit\u00e4t des Inhalts sowie das Vorhandensein von Fehlern und M\u00e4ngeln jeglicher Art in den Inhalten, die \u00fcber die Website oder die angebotenen Dienste \u00fcbertragen, verbreitet, gespeichert, zur Verf\u00fcgung gestellt und abgerufen werden.<\/p>\n<p>b) Das Vorhandensein von Viren oder anderen Elementen in den Inhalten, die Ver\u00e4nderungen in den Computersystemen, elektronischen Dokumenten oder Daten der Benutzer verursachen k\u00f6nnen.<\/p>\n<p>c) Nichteinhaltung von Gesetzen, Treu und Glauben, der \u00f6ffentlichen Ordnung, des Verkehrs und dieses rechtlichen Hinweises als Folge einer fehlerhaften Nutzung der Website. Insbesondere und beispielhaft ist www.msystems.es nicht verantwortlich f\u00fcr Handlungen Dritter, die geistige und gewerbliche Eigentumsrechte, Gesch\u00e4ftsgeheimnisse, Rechte an der Ehre, der pers\u00f6nlichen und famili\u00e4ren Privatsph\u00e4re und dem Selbstbild sowie die Vorschriften \u00fcber unlauteren Wettbewerb und illegale Werbung verletzen.<\/p>\n<p>Ebenso lehnt www.msystems.es jede Verantwortung f\u00fcr Informationen ab, die au\u00dferhalb dieser Website gefunden werden und nicht direkt von unserem Webmaster verwaltet werden. Die Funktion der Links, die auf dieser Website erscheinen, besteht ausschlie\u00dflich darin, den Nutzer \u00fcber die Existenz anderer Quellen zu informieren, die die auf dieser Website angebotenen Inhalte erweitern k\u00f6nnen. www.msystems.es gibt keine Garantien oder Zusicherungen \u00fcber den Betrieb oder die Zug\u00e4nglichkeit von verlinkten Websites.<\/p>\n<p><strong>JURISDICTION<\/strong><\/p>\n<p>Im Falle von Streitigkeiten oder Auslegungskonflikten in Bezug auf die Bestimmungen dieses rechtlichen Hinweises sowie in Bezug auf alle Fragen im Zusammenhang mit den auf dieser Website bereitgestellten Dienstleistungen und\/oder Inhalten ist das spanische Recht anwendbar.<\/p>\n<p>F\u00fcr die Beilegung von Konflikten, die sich aus der Nutzung und dem Zugang zur Website und\/oder den darin angebotenen Diensten oder Inhalten ergeben k\u00f6nnen, vereinbaren www.msystems.es und der Nutzer, sich den nach dem Gesetz zust\u00e4ndigen Gerichten zu unterwerfen.<\/p>\n","protected":false},"excerpt":{"rendered":"<p>IDENTIFIZIERUNG In \u00dcbereinstimmung mit dem Gesetz 34\/2002 vom 11. Juli \u00fcber die Dienste der Informationsgesellschaft und den elektronischen Handel informieren wir Sie, dass diese Website Eigentum von: Unternehmen: Msystems Sistemas Eficientes, S.L. Handelsname: MSYSTEMS C.I.F.: B44722585 Adresse: Avenida de La Marina, 72, 03720 Benissa, Alicante E-Mail: info@msystems.es ALLGEMEINE BEDINGUNGEN F\u00dcR DIE NUTZUNG. www.msystems.es informiert Sie [&hellip;]<\/p>\n","protected":false},"author":1,"featured_media":0,"parent":0,"menu_order":101,"comment_status":"closed","ping_status":"closed","template":"","meta":{"_acf_changed":false,"footnotes":""},"class_list":["post-1535","page","type-page","status-publish","hentry"],"acf":[],"_links":{"self":[{"href":"https:\/\/msystems.es\/de\/wp-json\/wp\/v2\/pages\/1535","targetHints":{"allow":["GET"]}}],"collection":[{"href":"https:\/\/msystems.es\/de\/wp-json\/wp\/v2\/pages"}],"about":[{"href":"https:\/\/msystems.es\/de\/wp-json\/wp\/v2\/types\/page"}],"author":[{"embeddable":true,"href":"https:\/\/msystems.es\/de\/wp-json\/wp\/v2\/users\/1"}],"replies":[{"embeddable":true,"href":"https:\/\/msystems.es\/de\/wp-json\/wp\/v2\/comments?post=1535"}],"version-history":[{"count":0,"href":"https:\/\/msystems.es\/de\/wp-json\/wp\/v2\/pages\/1535\/revisions"}],"wp:attachment":[{"href":"https:\/\/msystems.es\/de\/wp-json\/wp\/v2\/media?parent=1535"}],"curies":[{"name":"wp","href":"https:\/\/api.w.org\/{rel}","templated":true}]}}