{"id":1543,"date":"2024-04-10T12:55:09","date_gmt":"2024-04-10T10:55:09","guid":{"rendered":"https:\/\/msystems.es\/cookie-richtlinie\/"},"modified":"2024-04-10T12:55:09","modified_gmt":"2024-04-10T10:55:09","slug":"cookie-richtlinie","status":"publish","type":"page","link":"https:\/\/msystems.es\/de\/cookie-richtlinie\/","title":{"rendered":"Cookie-Richtlinie"},"content":{"rendered":"<p align=\"left\"><strong>INFORMATIONEN <\/strong><strong>\u00dcBER COOKIES<\/strong><\/p>\n<p>Aufgrund des Inkrafttretens der \u00c4nderung des &#8222;Ley de Servicios de la Sociedad de la Informaci\u00f3n&#8220; (LSSICE), die durch das K\u00f6nigliche Dekret 13\/2012 eingef\u00fchrt wurde, ist es zwingend erforderlich, die ausdr\u00fcckliche Zustimmung des Benutzers aller Websites, die entbehrliche Cookies verwenden, einzuholen, bevor der Benutzer sie besucht.<\/p>\n<p align=\"left\"><strong>WAS SIND COOKIES?<\/strong><\/p>\n<p>Cookies und andere \u00e4hnliche Technologien wie Local Shared Objects, Flash-Cookies oder Pixel sind Hilfsmittel, die von Webservern verwendet werden, um Informationen \u00fcber ihre Besucher zu speichern und abzurufen und um ein ordnungsgem\u00e4\u00dfes Funktionieren der Website zu gew\u00e4hrleisten.<\/p>\n<p>Die Verwendung dieser Ger\u00e4te erm\u00f6glicht es dem Webserver, sich einige Daten \u00fcber den Benutzer zu merken, z. B. seine Vorlieben f\u00fcr die Anzeige der Seiten dieses Servers, seinen Namen und sein Passwort, die Produkte, f\u00fcr die er sich am meisten interessiert, usw.<\/p>\n<p align=\"center\"><strong>COOKIES<\/strong> <strong>VON DER VERORDNUNG BETROFFENE UND AUSGENOMMENE COOKIES<\/strong><\/p>\n<p>Gem\u00e4\u00df der EU-Richtlinie handelt es sich bei den Cookies, die eine informierte Zustimmung des Nutzers erfordern, um analytische Cookies sowie Werbe- und Partnerschafts-Cookies, mit Ausnahme von technischen Cookies und solchen, die f\u00fcr den Betrieb der Website oder die Erbringung von Dienstleistungen, die vom Nutzer ausdr\u00fccklich gew\u00fcnscht werden, erforderlich sind.<\/p>\n<p>&nbsp;<\/p>\n<div>\n<p><strong>JE NACH ZWECK<\/strong><\/p>\n<p><strong>ARTEN VON COOKIES<\/strong><\/p>\n<\/div>\n<div>\n<p><strong>Technische <\/strong><strong>und funktionale<\/strong> Cookies: Dies sind Cookies, die es dem Benutzer erm\u00f6glichen, auf einer Website, einer Plattform oder einer Anwendung zu surfen und die verschiedenen Optionen oder Dienste zu nutzen, die dort angeboten werden.<br \/>\n<strong>Analytische<\/strong> Cookies: Dies sind Cookies, die es der f\u00fcr sie verantwortlichen Partei erm\u00f6glichen, das Verhalten der Nutzer der Websites, mit denen sie verkn\u00fcpft sind, zu \u00fcberwachen und zu analysieren. Die durch diese Art von Cookies gesammelten Informationen werden zur Messung der Aktivit\u00e4t der Websites, Anwendungen oder Plattformen und zur Erstellung von Browsing-Profilen der Nutzer dieser Websites, Anwendungen und Plattformen verwendet, um Verbesserungen auf der Grundlage der Analyse der Daten \u00fcber die Nutzung des Dienstes durch die Nutzer einzuf\u00fchren.<br \/>\n<strong>Werbe-Cookies<\/strong><strong>: <\/strong>sind diejenigen, die eine m\u00f6glichst effiziente Verwaltung von Werbefl\u00e4chen erm\u00f6glichen.<br \/>\nAnzeigen, die der Herausgeber gegebenenfalls auf einer Website, Anwendung oder Plattform, von der aus er den angeforderten Dienst anbietet, auf der Grundlage von Kriterien wie dem bearbeiteten Inhalt oder der H\u00e4ufigkeit, mit der die Anzeigen angezeigt werden, eingebunden hat.<br \/>\n<strong>Cookies<\/strong> f\u00fcr<strong>verhaltensbasierte Werbung<\/strong>: sammeln Informationen \u00fcber pers\u00f6nliche Vorlieben und Entscheidungen.<br \/>\ndes Nutzers (Retargeting), um eine m\u00f6glichst effiziente Verwaltung der Werbefl\u00e4chen zu erm\u00f6glichen, die der Herausgeber gegebenenfalls auf einer Website, einer Anwendung oder einer Plattform eingerichtet hat, von der aus er den angeforderten Dienst anbietet.<br \/>\n<strong>Soziale<\/strong> Cookies: Diese werden von sozialen Medienplattformen auf Diensten gesetzt, um Ihnen zu erm\u00f6glichen<br \/>\nInhalte mit Ihren Freunden und Netzwerken teilen. Soziale Medienplattformen haben die M\u00f6glichkeit, Ihre Online-Aktivit\u00e4ten au\u00dferhalb der Dienste zu verfolgen. Dies kann sich auf die Inhalte und Nachrichten auswirken, die Sie auf anderen Diensten sehen, die Sie besuchen.<br \/>\n<strong>Partner-Cookies<\/strong>: Diese erm\u00f6glichen die Nachverfolgung von Besuchen von anderen Websites, mit denen die<br \/>\nWebsite einen Partnerschaftsvertrag abschlie\u00dft (Partnerschaftsunternehmen).<\/p>\n<\/div>\n<p>&nbsp;<\/p>\n<div>\n<p><strong>Sicherheits-Cookies<\/strong>: Diese speichern verschl\u00fcsselte Informationen, um zu verhindern, dass die in ihnen gespeicherten Daten durch b\u00f6swillige Angriffe Dritter angreifbar sind.<\/p>\n<p><strong>JE NACH EIGENTUMSVERH\u00c4LTNISSEN<\/strong><\/p>\n<p><strong>Eigene<\/strong> Cookies<strong> <\/strong>sind solche, die von einem Computer oder einer Dom\u00e4ne, die vom Herausgeber selbst verwaltet wird und von der aus der vom Benutzer angeforderte Dienst bereitgestellt wird, an das Endger\u00e4t des Benutzers gesendet werden.<br \/>\n<strong>Cookies von Dritten: <\/strong>Dies sind Cookies, die von einem Computer oder einer Dom\u00e4ne, die nicht mit dem Computer des Nutzers verbunden ist, an das Endger\u00e4t des Nutzers gesendet werden.<br \/>\nwird nicht vom Herausgeber verwaltet, sondern von einer anderen Stelle, die die \u00fcber Cookies erhaltenen Daten verarbeitet.<\/p>\n<p><strong>ENTSPRECHEND DER HALTBARKEITSDAUER<\/strong><\/p>\n<p><strong>Sitzungscookies: <\/strong>Dies sind eine Art von Cookies, die dazu dienen, Daten zu sammeln und zu speichern, w\u00e4hrend der Benutzer eine Webseite aufruft.<br \/>\n<strong>Dauerhafte<\/strong> Cookies<strong>: <\/strong>Dies ist eine Art von Cookie, bei dem die Daten im Terminal gespeichert bleiben und auf dem Ger\u00e4t gespeichert werden k\u00f6nnen.<br \/>\nf\u00fcr einen vom Cookie-Eigent\u00fcmer festgelegten Zeitraum, der von wenigen Minuten bis zu mehreren Jahren reichen kann, abgerufen und verarbeitet werden.<\/p>\n<p><strong>VERARBEITUNG <\/strong><strong>VON PERSONENBEZOGENEN DATEN<\/strong><\/p>\n<p>MSYSTEMS ist der <strong>f\u00fcr die Verarbeitung <\/strong>der personenbezogenen Daten der <strong>betroffenen Person <\/strong>Verantwortliche und teilt Ihnen mit, dass diese Daten gem\u00e4\u00df den Bestimmungen der Verordnung (EU) 2016\/679 vom 27. April 2016 (GDPR) verarbeitet werden, f\u00fcr die Sie die folgenden Verarbeitungsinformationen erhalten:<\/p>\n<p><strong>Zwecke <\/strong><strong>der Verarbeitung: <\/strong>wie im Abschnitt \u00fcber die auf dieser Website verwendeten Cookies angegeben.<\/p>\n<p><strong>Legitimation <\/strong><strong>der Verarbeitung<\/strong>: durch die Einwilligung der betroffenen Person (Art. 6.1 GDPR).<\/p>\n<p><strong>Kriterien f\u00fcr <\/strong><strong>die Datenspeicherung<\/strong>: wie im Abschnitt \u00fcber die auf der Website verwendeten Cookies angegeben.<\/p>\n<p><strong>Weitergabe <\/strong><strong>von Daten<\/strong>: Die Daten werden nicht an Dritte weitergegeben, es sei denn, es handelt sich um Cookies, die Dritten geh\u00f6ren, oder um eine gesetzliche Verpflichtung.<\/p>\n<p><strong>Rechte <\/strong> der<strong>interessierten Partei<\/strong>:<\/p>\n<p>&#8211; Recht auf jederzeitigen Widerruf der Zustimmung.<br \/>\n&#8211; Das Recht auf Zugang, Berichtigung, \u00dcbertragbarkeit und L\u00f6schung Ihrer Daten sowie das Recht, die Verarbeitung einzuschr\u00e4nken oder ihr zu widersprechen.<br \/>\n&#8211; Das Recht, eine Beschwerde bei der Aufsichtsbeh\u00f6rde <a href=\"http:\/\/www.aepd.es\/\">(www.aepd.es<\/a> ) einzureichen, wenn Sie der Meinung sind, dass die Verarbeitung nicht mit den geltenden Vorschriften \u00fcbereinstimmt.<\/p>\n<p><strong>Daten <\/strong><strong>Kontaktinformationen zur Aus\u00fcbung Ihrer Rechte:<\/strong><\/p>\n<div class=\"media\">\n<div class=\"media-body\">Avenida de la Marina 72, Benissa, 03720, (Alicante)<br \/>\n<a href=\"mailto:info@msystems.es\">info@msystems.es<\/a><\/div>\n<\/div>\n<\/div>\n<div>\n<p>&nbsp;<\/p>\n<p align=\"center\"><strong>AUF DIESER WEBSITE VERWENDETE COOKIES<\/strong><\/p>\n<p align=\"left\">VOM HERAUSGEBER KONTROLLIERTE COOKIES<\/p>\n<p><strong>Techniken <\/strong><strong>und funktionell<\/strong><\/p>\n<table border=\"1\" width=\"100%\" cellspacing=\"0\" cellpadding=\"0\">\n<tbody>\n<tr>\n<td valign=\"top\" width=\"122\"><strong>Eigentum<\/strong><\/td>\n<td valign=\"top\" width=\"109\"><strong>Keks<\/strong><\/td>\n<td valign=\"top\" width=\"314\">\n<p align=\"center\"><strong>Zweck<\/strong><\/p>\n<\/td>\n<td valign=\"top\" width=\"96\">\n<p align=\"center\"><strong>Deadline<\/strong><\/p>\n<\/td>\n<\/tr>\n<tr>\n<td valign=\"top\" width=\"122\">&nbsp;<\/p>\n<p>msystems.co.uk<\/td>\n<td valign=\"top\" width=\"109\"><strong>_gat_gtag_UA_15<\/strong><br \/>\n<strong>3194350_1<\/strong><\/td>\n<td valign=\"top\" width=\"314\">Cookies, die f\u00fcr die Nutzung der Optionen und Dienste der Website erforderlich sind.<\/td>\n<td valign=\"top\" width=\"96\">&nbsp;<\/p>\n<p>Sitzung<\/td>\n<\/tr>\n<tr>\n<td valign=\"top\" width=\"122\">&nbsp;<\/p>\n<p>msystems.co.uk<\/td>\n<td valign=\"top\" width=\"109\">&nbsp;<\/p>\n<p><strong>cooi05020js<\/strong><\/td>\n<td valign=\"top\" width=\"314\">Cookies, die f\u00fcr die Nutzung der Optionen und Dienste der Website erforderlich sind.<\/td>\n<td valign=\"top\" width=\"96\">&nbsp;<\/p>\n<p>in 3 Monaten<\/td>\n<\/tr>\n<tr>\n<td valign=\"top\" width=\"122\">&nbsp;<\/p>\n<p>msystems.co.uk<\/td>\n<td valign=\"top\" width=\"109\">&nbsp;<\/p>\n<p><strong>cooi05020js<\/strong><\/td>\n<td valign=\"top\" width=\"314\">Cookies, die f\u00fcr die Nutzung der Optionen und Dienste der Website erforderlich sind.<\/td>\n<td valign=\"top\" width=\"96\">&nbsp;<\/p>\n<p>in 3 Monaten<\/td>\n<\/tr>\n<tr>\n<td valign=\"top\" width=\"122\">&nbsp;<\/p>\n<p>msystems.co.uk<\/td>\n<td valign=\"top\" width=\"109\"><strong>cookie_einwilligung_l <\/strong><strong>evel<\/strong><\/td>\n<td valign=\"top\" width=\"314\">Cookies, die f\u00fcr die Nutzung der Optionen und Dienste der Website erforderlich sind.<\/td>\n<td valign=\"top\" width=\"96\">&nbsp;<\/p>\n<p>in 2 Monaten<\/td>\n<\/tr>\n<tr>\n<td valign=\"top\" width=\"122\">&nbsp;<\/p>\n<p>msystems.co.uk<\/td>\n<td valign=\"top\" width=\"109\"><strong>cookie_einwilligung_u ser_akzeptiert<\/strong><\/td>\n<td valign=\"top\" width=\"314\">Cookies, die f\u00fcr die Nutzung der Optionen und Dienste der Website erforderlich sind.<\/td>\n<td valign=\"top\" width=\"96\">&nbsp;<\/p>\n<p>in 2 Monaten<\/td>\n<\/tr>\n<tr>\n<td valign=\"top\" width=\"122\">&nbsp;<\/p>\n<p>&nbsp;<\/p>\n<p>msystems.co.uk<\/td>\n<td valign=\"top\" width=\"109\">&nbsp;<\/p>\n<p>&nbsp;<\/p>\n<p><strong>PHPSESSID<\/strong><\/td>\n<td valign=\"top\" width=\"314\">Cookies, die von Anwendungen erzeugt werden, die auf der Sprache PHP basieren. Dies ist ein allgemeiner Bezeichner, der verwendet wird, um Variablen der Benutzersitzung zu speichern. Normalerweise handelt es sich dabei um eine zuf\u00e4llig generierte Zahl. Wie sie verwendet wird, kann site-spezifisch sein, aber ein gutes Beispiel ist die Aufrechterhaltung des Status eines eingeloggten Benutzers zwischen den Seiten.<\/td>\n<td valign=\"top\" width=\"96\">&nbsp;<\/p>\n<p>&nbsp;<\/p>\n<p>Sitzung<\/td>\n<\/tr>\n<\/tbody>\n<\/table>\n<p align=\"center\"><strong>Analysen<\/strong><\/p>\n<table border=\"1\" width=\"100%\" cellspacing=\"0\" cellpadding=\"0\">\n<tbody>\n<tr>\n<td valign=\"top\" width=\"122\"><strong>Eigentum<\/strong><\/td>\n<td valign=\"top\" width=\"109\"><strong>Keks<\/strong><\/td>\n<td valign=\"top\" width=\"314\">\n<p align=\"center\"><strong>Zweck<\/strong><\/p>\n<\/td>\n<td valign=\"top\" width=\"96\">\n<p align=\"center\"><strong>Deadline<\/strong><\/p>\n<\/td>\n<\/tr>\n<tr>\n<td valign=\"top\" width=\"122\">msystems.co.uk<\/td>\n<td valign=\"top\" width=\"109\"><strong>_ga<\/strong><\/td>\n<td valign=\"top\" width=\"314\">ID zur Identifizierung von Benutzern<\/td>\n<td valign=\"top\" width=\"96\">in 2 Jahren<\/td>\n<\/tr>\n<tr>\n<td valign=\"top\" width=\"122\">&nbsp;<\/p>\n<p>msystems.co.uk<\/td>\n<td valign=\"top\" width=\"109\">&nbsp;<\/p>\n<p><strong>_gid<\/strong><\/td>\n<td valign=\"top\" width=\"314\">ID, die zur Identifizierung von Benutzern f\u00fcr 24 Stunden nach der letzten Aktivit\u00e4t verwendet wird.<\/td>\n<td valign=\"top\" width=\"96\">&nbsp;<\/p>\n<p>in 20 Stunden<\/td>\n<\/tr>\n<\/tbody>\n<\/table>\n<p>&nbsp;<\/p>\n<p align=\"left\">DRITTANBIETER-COOKIES<\/p>\n<p>Die Dienste von Drittanbietern liegen au\u00dferhalb der Kontrolle des Herausgebers. Die Anbieter k\u00f6nnen ihre Nutzungsbedingungen, den Zweck und die Verwendung von Cookies usw. jederzeit \u00e4ndern.<\/p>\n<p><strong>Externe Anbieter <\/strong><strong>dieser Website:<\/strong><\/p>\n<table border=\"1\" width=\"100%\" cellspacing=\"0\" cellpadding=\"0\">\n<tbody>\n<tr>\n<td valign=\"top\" width=\"181\">\n<p align=\"center\"><strong>Herausgeber<\/strong><\/p>\n<\/td>\n<td valign=\"top\" width=\"461\">\n<p align=\"center\"><strong>Politik <\/strong><strong>Datenschutzrichtlinie<\/strong><\/p>\n<\/td>\n<\/tr>\n<tr>\n<td valign=\"top\" width=\"181\">Google Analytics<\/td>\n<td valign=\"top\" width=\"461\"><a href=\"https:\/\/privacy.google.com\/take-control.html\">https:\/\/privacy.google.com\/take-control.html<\/a><\/td>\n<\/tr>\n<tr>\n<td valign=\"top\" width=\"181\">PHP.net<\/td>\n<td valign=\"top\" width=\"461\"><a href=\"https:\/\/www.php.net\/privacy.php\">https:\/\/www.php.net\/privacy.php<\/a><\/td>\n<\/tr>\n<\/tbody>\n<\/table>\n<p>&nbsp;<\/p>\n<\/div>\n<p>&nbsp;<\/p>\n<table border=\"1\" width=\"100%\" cellspacing=\"0\" cellpadding=\"0\">\n<tbody>\n<tr>\n<td colspan=\"3\" align=\"center\" valign=\"top\" width=\"642\"><strong>WIE SIE COOKIES \u00dcBER IHREN BROWSER VERWALTEN K\u00d6NNEN<\/strong><\/td>\n<\/tr>\n<tr>\n<td colspan=\"2\" valign=\"top\" width=\"192\">&nbsp;<\/p>\n<p><strong>L\u00f6schen Sie Cookies von Ihrem Ger\u00e4t<\/strong><\/td>\n<td valign=\"top\" width=\"449\">Cookies, die sich bereits auf einem Ger\u00e4t befinden, k\u00f6nnen gel\u00f6scht werden, indem Sie den Browserverlauf l\u00f6schen, wodurch Cookies von allen besuchten Websites gel\u00f6scht werden.<br \/>\nAllerdings k\u00f6nnen auch einige der gespeicherten Informationen (z.B. Anmeldedaten oder Website-Einstellungen) verloren gehen.<\/td>\n<\/tr>\n<tr>\n<td colspan=\"2\" valign=\"top\" width=\"192\"><strong>Verwalten <\/strong><strong>Site-spezifische Cookies<\/strong><\/td>\n<td valign=\"top\" width=\"449\">Um eine genauere Kontrolle \u00fcber standortspezifische Cookies zu haben, k\u00f6nnen Benutzer ihre Datenschutz- und Cookie-Einstellungen in ihrem Browser anpassen.<\/td>\n<\/tr>\n<tr>\n<td colspan=\"2\" valign=\"top\" width=\"192\">&nbsp;<\/p>\n<p><strong>Blockieren Sie <\/strong><strong>Cookies<\/strong><\/td>\n<td valign=\"top\" width=\"449\">Obwohl die meisten modernen Browser so eingestellt werden k\u00f6nnen, dass sie die Installation von Cookies auf Ihrem Ger\u00e4t verhindern, kann es erforderlich sein, dass Sie bestimmte Einstellungen bei jedem Besuch einer Website oder Seite manuell anpassen m\u00fcssen. Au\u00dferdem funktionieren einige Dienste und Funktionen m\u00f6glicherweise nicht richtig (z. B. Profilanmeldungen).<\/td>\n<\/tr>\n<tr>\n<td colspan=\"3\" valign=\"top\" width=\"642\"><strong>WIE SIE COOKIES AUS DEN G\u00c4NGIGSTEN BROWSERN L\u00d6SCHEN<\/strong><\/td>\n<\/tr>\n<tr>\n<td valign=\"top\" width=\"186\"><strong>Chrom<\/strong><\/td>\n<td colspan=\"2\" valign=\"top\" width=\"455\"><a href=\"http:\/\/support.google.com\/chrome\/answer\/95647?hl=es\">http:\/\/support.google.com\/chrome\/answer\/95647?hl=es<\/a><\/td>\n<\/tr>\n<tr>\n<td valign=\"top\" width=\"186\"><strong>Internet Explorer. Version 11<\/strong><\/td>\n<td colspan=\"2\" valign=\"top\" width=\"455\"><a href=\"https:\/\/support.microsoft.com\/es-es\/help\/278835\/how-to-delete-cookie-files-in-internet-explorer\">https:\/\/support.microsoft.com\/es-es\/help\/278835\/how-to-delete-cookie-files-in-internet-explorer<\/a><\/td>\n<\/tr>\n<tr>\n<td valign=\"top\" width=\"186\"><strong>Firefox. Version 65.0.1<\/strong><\/td>\n<td colspan=\"2\" valign=\"top\" width=\"455\"><a href=\"https:\/\/www.mozilla.org\/es-ES\/privacy\/websites\/#cookies\">https:\/\/www.mozilla.org\/es-ES\/privacy\/websites\/#cookies<\/a><\/td>\n<\/tr>\n<tr>\n<td valign=\"top\" width=\"186\"><strong>Safari Version 5.1<\/strong><\/td>\n<td colspan=\"2\" valign=\"top\" width=\"455\"><a href=\"https:\/\/support.apple.com\/es-es\/guide\/safari\/sfri11471\/mac\">https:\/\/support.apple.com\/es-es\/guide\/safari\/sfri11471\/mac<\/a><\/td>\n<\/tr>\n<tr>\n<td valign=\"top\" width=\"186\"><strong>Oper<\/strong><\/td>\n<td colspan=\"2\" valign=\"top\" width=\"455\"><a href=\"https:\/\/help.opera.com\/en\/latest\/security-and-privacy\/#clearBrowsingData\">https:\/\/help.opera.com\/en\/latest\/security-and-privacy\/#clearBrowsingData<\/a><\/td>\n<\/tr>\n<\/tbody>\n<\/table>\n","protected":false},"excerpt":{"rendered":"<p>INFORMATIONEN \u00dcBER COOKIES Aufgrund des Inkrafttretens der \u00c4nderung des &#8222;Ley de Servicios de la Sociedad de la Informaci\u00f3n&#8220; (LSSICE), die durch das K\u00f6nigliche Dekret 13\/2012 eingef\u00fchrt wurde, ist es zwingend erforderlich, die ausdr\u00fcckliche Zustimmung des Benutzers aller Websites, die entbehrliche Cookies verwenden, einzuholen, bevor der Benutzer sie besucht. WAS SIND COOKIES? Cookies und andere \u00e4hnliche [&hellip;]<\/p>\n","protected":false},"author":1,"featured_media":0,"parent":0,"menu_order":103,"comment_status":"closed","ping_status":"closed","template":"","meta":{"_acf_changed":false,"footnotes":""},"class_list":["post-1543","page","type-page","status-publish","hentry"],"acf":[],"_links":{"self":[{"href":"https:\/\/msystems.es\/de\/wp-json\/wp\/v2\/pages\/1543","targetHints":{"allow":["GET"]}}],"collection":[{"href":"https:\/\/msystems.es\/de\/wp-json\/wp\/v2\/pages"}],"about":[{"href":"https:\/\/msystems.es\/de\/wp-json\/wp\/v2\/types\/page"}],"author":[{"embeddable":true,"href":"https:\/\/msystems.es\/de\/wp-json\/wp\/v2\/users\/1"}],"replies":[{"embeddable":true,"href":"https:\/\/msystems.es\/de\/wp-json\/wp\/v2\/comments?post=1543"}],"version-history":[{"count":0,"href":"https:\/\/msystems.es\/de\/wp-json\/wp\/v2\/pages\/1543\/revisions"}],"wp:attachment":[{"href":"https:\/\/msystems.es\/de\/wp-json\/wp\/v2\/media?parent=1543"}],"curies":[{"name":"wp","href":"https:\/\/api.w.org\/{rel}","templated":true}]}}